{"id":18,"date":"2019-07-11T18:06:09","date_gmt":"2019-07-11T16:06:09","guid":{"rendered":"http:\/\/nouveau.denakbat.fr\/?page_id=18"},"modified":"2020-08-05T16:23:01","modified_gmt":"2020-08-05T14:23:01","slug":"qui-sommes-nous","status":"publish","type":"page","link":"http:\/\/denakbat.fr\/index.php\/qui-sommes-nous\/","title":{"rendered":"qui sommes nous ?"},"content":{"rendered":"<p>Le Pays Basque est depuis longtemps une terre d\u2019\u00e9migration, et \u00e0 travers le monde, ce sont pr\u00e8s de 15 millions de Basques qui forment aujourd\u2019hui cette diaspora, parfois appel\u00e9e la \u00ab 8\u00e8me province \u00bb.<br \/>Si il existe une forte diaspora dans les Am\u00e9riques, les grandes villes fran\u00e7aises, comme Toulouse et son agglom\u00e9ration, sont aussi les lieux de vie privil\u00e9gi\u00e9s des Basques.<br \/>C\u2019est en 1954 qu\u2019est n\u00e9 Denak Bat (\u00ab Tous ne font qu\u2019un \u00bb) \u00e0 Toulouse. En 1974, l\u2019association \u00e9lit domicile dans la commune de Colomiers.<br \/>A l\u2019origine, c\u2019est presque naturellement que danse et musique \u00e9taient au centre des activit\u00e9s. Des spectacles, lors de diff\u00e9rents \u00e9v\u00e9nements locaux, permettaient de pr\u00e9senter cet aspect de la culture basque.<br \/>Au fil des ann\u00e9es, Denak Bat a diversifi\u00e9 ses activit\u00e9s, a \u00e9galement \u00e9largi son recrutement g\u00e9ographique pour concerner aujourd\u2019hui l\u2019ensemble de l\u2019agglom\u00e9ration toulousaine.<br \/>Danses traditionnelles, musique, joaldun, euskara, pilota, chant, mus, animations diverses, repas, f\u00eates&#8230; Denak Bat maintient le flambeau de la culture basque dans un esprit ouvert et de convivialit\u00e9.<\/p>\n<p><img loading=\"lazy\" class=\"wp-image-193 size-full alignleft\" src=\"http:\/\/denakbat.fr\/wp-content\/uploads\/2020\/08\/photo7.jpg\" alt=\"\" width=\"600\" height=\"400\" srcset=\"http:\/\/denakbat.fr\/wp-content\/uploads\/2020\/08\/photo7.jpg 600w, http:\/\/denakbat.fr\/wp-content\/uploads\/2020\/08\/photo7-300x200.jpg 300w, http:\/\/denakbat.fr\/wp-content\/uploads\/2020\/08\/photo7-390x261.jpg 390w\" sizes=\"(max-width: 600px) 100vw, 600px\" \/><\/p>\n\n\n<p><\/p>\n","protected":false},"excerpt":{"rendered":"<p>Le Pays Basque est depuis longtemps une terre d\u2019\u00e9migration, et \u00e0 travers le monde, ce sont pr\u00e8s de 15 millions de Basques qui forment aujourd\u2019hui cette diaspora, parfois appel\u00e9e la <a class=\"more-link\" href=\"http:\/\/denakbat.fr\/index.php\/qui-sommes-nous\/\">Continuer la lecture &rarr;<\/a><\/p>\n","protected":false},"author":1,"featured_media":0,"parent":0,"menu_order":0,"comment_status":"closed","ping_status":"closed","template":"","meta":[],"_links":{"self":[{"href":"http:\/\/denakbat.fr\/index.php\/wp-json\/wp\/v2\/pages\/18"}],"collection":[{"href":"http:\/\/denakbat.fr\/index.php\/wp-json\/wp\/v2\/pages"}],"about":[{"href":"http:\/\/denakbat.fr\/index.php\/wp-json\/wp\/v2\/types\/page"}],"author":[{"embeddable":true,"href":"http:\/\/denakbat.fr\/index.php\/wp-json\/wp\/v2\/users\/1"}],"replies":[{"embeddable":true,"href":"http:\/\/denakbat.fr\/index.php\/wp-json\/wp\/v2\/comments?post=18"}],"version-history":[{"count":7,"href":"http:\/\/denakbat.fr\/index.php\/wp-json\/wp\/v2\/pages\/18\/revisions"}],"predecessor-version":[{"id":197,"href":"http:\/\/denakbat.fr\/index.php\/wp-json\/wp\/v2\/pages\/18\/revisions\/197"}],"wp:attachment":[{"href":"http:\/\/denakbat.fr\/index.php\/wp-json\/wp\/v2\/media?parent=18"}],"curies":[{"name":"wp","href":"https:\/\/api.w.org\/{rel}","templated":true}]}}