{"id":19,"date":"2019-07-11T18:06:09","date_gmt":"2019-07-11T16:06:09","guid":{"rendered":"http:\/\/nouveau.denakbat.fr\/?page_id=19"},"modified":"2025-03-30T12:38:26","modified_gmt":"2025-03-30T10:38:26","slug":"activites","status":"publish","type":"page","link":"http:\/\/denakbat.fr\/index.php\/activites\/","title":{"rendered":"activit\u00e9s"},"content":{"rendered":"\n<p><font size=\"5\">La musique <\/font><br>Notre ensemble musical est constitu\u00e9 d&rsquo;instruments basques  traditionnels. Tous les amateurs, voire les professionnels sont les  bienvenus dans notre monde de b\u00e9n\u00e9voles.  <br>Nos instruments traditionnels :<br>Le Txistu est l&rsquo;instrument musical par excellence des Basques.<br>Le  Txistu est la plus vieille fl\u00fbte d&rsquo;Europe : des restes de cette fl\u00fbte \u00e0  trois trous ont \u00e9t\u00e9 retrouv\u00e9s dans les grottes d&rsquo;Oxocelaya et  d&rsquo;Isturitz&nbsp; (pr\u00e8s d&rsquo;Hasparren).<br>L&rsquo;Atabal est une sorte de caisse claire mais avec un seul timbre.<br>Le Triki ou accord\u00e9on basque, est tr\u00e8s d\u00e9velopp\u00e9 et r\u00e9pandu \u00e0 travers tout le Pays Basque depuis la fin du XIX\u00b0 si\u00e8cle. Les percussions viennent \u00e9galement rythmer le tout avec entre autre le tambourin basque, le Pandero. <\/p>\n\n\n\n<div class=\"wp-block-columns\">\n<div class=\"wp-block-column\" style=\"flex-basis:100%\">\n<div class=\"wp-block-image is-style-default\"><figure class=\"aligncenter size-large\"><img loading=\"lazy\" width=\"1024\" height=\"378\" src=\"http:\/\/denakbat.fr\/wp-content\/uploads\/2025\/03\/instruments-site-1024x378.png\" alt=\"\" class=\"wp-image-834\" srcset=\"http:\/\/denakbat.fr\/wp-content\/uploads\/2025\/03\/instruments-site-1024x378.png 1024w, http:\/\/denakbat.fr\/wp-content\/uploads\/2025\/03\/instruments-site-300x111.png 300w, http:\/\/denakbat.fr\/wp-content\/uploads\/2025\/03\/instruments-site-768x283.png 768w, http:\/\/denakbat.fr\/wp-content\/uploads\/2025\/03\/instruments-site-1536x566.png 1536w, http:\/\/denakbat.fr\/wp-content\/uploads\/2025\/03\/instruments-site-2048x755.png 2048w\" sizes=\"(max-width: 1024px) 100vw, 1024px\" \/><\/figure><\/div>\n<\/div>\n<\/div>\n\n\n\n<p><font size=\"5\">La danse <\/font><br>Un \u00ab&nbsp;peuple qui danse et chante aux pieds des Pyr\u00e9n\u00e9es&nbsp;\u00bb \u00e9crivait  Victor Hugo. La danse a toujours \u00e9t\u00e9 un moment important et convivial  qui accompagne de nombreux moments de vie.<br>Au son des instruments traditionnels basques, txistu eta ttun ttun,  flute et percussion, les cours de danse accueillent amateurs et danseurs  plus exp\u00e9riment\u00e9s. <br>Des spectacles, \u00e0 Toulouse et ailleurs, lors de manifestations de Denak Bat ou \u00e0 d\u2019autres occasions, ponctuent \u00e9galement  l\u2019activit\u00e9 danse\/musique.<\/p>\n\n\n\n<figure class=\"wp-block-image size-large\"><img loading=\"lazy\" width=\"1024\" height=\"710\" src=\"http:\/\/denakbat.fr\/wp-content\/uploads\/2023\/10\/site-dantza-1024x710.png\" alt=\"\" class=\"wp-image-735\" srcset=\"http:\/\/denakbat.fr\/wp-content\/uploads\/2023\/10\/site-dantza-1024x710.png 1024w, http:\/\/denakbat.fr\/wp-content\/uploads\/2023\/10\/site-dantza-300x208.png 300w, http:\/\/denakbat.fr\/wp-content\/uploads\/2023\/10\/site-dantza-768x533.png 768w, http:\/\/denakbat.fr\/wp-content\/uploads\/2023\/10\/site-dantza-1536x1065.png 1536w, http:\/\/denakbat.fr\/wp-content\/uploads\/2023\/10\/site-dantza.png 1625w\" sizes=\"(max-width: 1024px) 100vw, 1024px\" \/><\/figure>\n\n\n\n<p><font size=\"5\">Euskara <\/font><br>L\u2019euskara, la langue basque, est une langue pr\u00e9 indo-europ\u00e9enne que  les ethno-linguistes datent du 3\u00e8me mill\u00e9naire avant notre \u00e8re.<br>La langue basque comporte des dialectes parfois tr\u00e8s \u00e9loign\u00e9s. Pour  que les locuteurs de ces dialectes se comprennent, l&rsquo;Acad\u00e9mie de la  langue basque (Euskaltzaindia) a d\u00e9fini lors du congr\u00e8s d\u2019Arantzazu en  1968 un basque unifi\u00e9 (euskara batua).<br>L&rsquo;Euskara batua a \u00e9t\u00e9 majoritairement d\u00e9fini \u00e0 partir des dialectes  guipuscoan et navarro-labourdin. Le basque unifi\u00e9 investit tous les  secteurs formels tels que les \u00e9missions de radio-t\u00e9l\u00e9vision, la presse  \u00e9crite, internet, la recherche, l&rsquo;enseignement, la litt\u00e9rature, la  politique, l&rsquo;administration, etc&#8230; Dans les domaines informels, en  revanche, le basque unifi\u00e9 cohabite avec chacun des dialectes dans un  espace o\u00f9 se c\u00f4toient ceux ayant le basque comme langue maternelle  (euskaldunzahar) et les bascophones qui l&rsquo;ont appris plus tard  (euskaldunberri).<br>Sur une population totale d\u2019environ 3 millions d\u2019habitants (2  millions dans la Communaut\u00e9 Autonome Basque, 600 000 en Navarre et 300  000 dans la Communaut\u00e9 d\u2019Agglom\u00e9ration Pays Basque), le total de  bilingues et de bilingues r\u00e9ceptifs s\u2019\u00e9l\u00e8ve \u00e0 50 % pour la CAB, 30% pour  la CAPB et 20 % pour la Navarre.<br>Denak Bat et ses professeurs b\u00e9n\u00e9voles, vous invitent \u00e0 d\u00e9couvrir ou perfectionner l&rsquo;euskara.<\/p>\n\n\n\n<figure class=\"wp-block-image size-large\"><img loading=\"lazy\" width=\"1024\" height=\"433\" src=\"http:\/\/denakbat.fr\/wp-content\/uploads\/2025\/03\/site-euskara-1-1024x433.png\" alt=\"\" class=\"wp-image-843\" srcset=\"http:\/\/denakbat.fr\/wp-content\/uploads\/2025\/03\/site-euskara-1-1024x433.png 1024w, http:\/\/denakbat.fr\/wp-content\/uploads\/2025\/03\/site-euskara-1-300x127.png 300w, http:\/\/denakbat.fr\/wp-content\/uploads\/2025\/03\/site-euskara-1-768x324.png 768w, http:\/\/denakbat.fr\/wp-content\/uploads\/2025\/03\/site-euskara-1.png 1283w\" sizes=\"(max-width: 1024px) 100vw, 1024px\" \/><\/figure>\n\n\n\n<p><font size=\"5\">Joaldun <\/font><br>Les joaldun, \u00e9l\u00e9ment important des carnavals basques, qui d\u00e9filent  faisant r\u00e9sonner&nbsp; leurs imposantes sonnailles afin de r\u00e9veiller la  nature apr\u00e8s l&rsquo;hiver. Ils sont originaires de Navarre, particuli\u00e8rement des villages d&rsquo;Ituren et Zubieta.<br>De nos jours, les joaldun se produisent \u00e0 d&rsquo;autres occasions. Ainsi, ceux de Denak Bat participent aussi bien \u00e0 Herri Urrats qu&rsquo;\u00e0 diverses  animations du Grand Toulouse.<br>Des r\u00e9p\u00e9titions r\u00e9guli\u00e8res au local de Colomiers sont organis\u00e9es avec un \u00e9quipement en cours de reconstitution.<\/p>\n\n\n\n<figure class=\"wp-block-image size-large\"><img loading=\"lazy\" width=\"1024\" height=\"889\" src=\"http:\/\/denakbat.fr\/wp-content\/uploads\/2023\/10\/Image5-1024x889.png\" alt=\"\" class=\"wp-image-714\" srcset=\"http:\/\/denakbat.fr\/wp-content\/uploads\/2023\/10\/Image5-1024x889.png 1024w, http:\/\/denakbat.fr\/wp-content\/uploads\/2023\/10\/Image5-300x261.png 300w, http:\/\/denakbat.fr\/wp-content\/uploads\/2023\/10\/Image5-768x667.png 768w, http:\/\/denakbat.fr\/wp-content\/uploads\/2023\/10\/Image5-1536x1334.png 1536w, http:\/\/denakbat.fr\/wp-content\/uploads\/2023\/10\/Image5-2048x1779.png 2048w\" sizes=\"(max-width: 1024px) 100vw, 1024px\" \/><\/figure>\n\n\n\n<p><font size=\"5\">Kantuz<\/font><br>La rentr\u00e9e 2019 a vu la renaissance d&rsquo;une chorale mixte.<br>Le chant compl\u00e8te enfin nos activit\u00e9s et permettra de se r\u00e9unir pour partager les diff\u00e9rents r\u00e9pertoires traditionnels basques et animer les diff\u00e9rentes activit\u00e9s de Denak Bat. <\/p>\n\n\n\n<figure class=\"wp-block-image size-large\"><img loading=\"lazy\" width=\"1024\" height=\"634\" src=\"http:\/\/denakbat.fr\/wp-content\/uploads\/2025\/03\/1000029600-1024x634.jpg\" alt=\"\" class=\"wp-image-838\" srcset=\"http:\/\/denakbat.fr\/wp-content\/uploads\/2025\/03\/1000029600-1024x634.jpg 1024w, http:\/\/denakbat.fr\/wp-content\/uploads\/2025\/03\/1000029600-300x186.jpg 300w, http:\/\/denakbat.fr\/wp-content\/uploads\/2025\/03\/1000029600-768x475.jpg 768w, http:\/\/denakbat.fr\/wp-content\/uploads\/2025\/03\/1000029600.jpg 1482w\" sizes=\"(max-width: 1024px) 100vw, 1024px\" \/><\/figure>\n\n\n\n<p><font size=\"5\">Txalaparta<br><\/font>Txalaparta, c&rsquo;est le son qu&rsquo;on reproduit sur cet  instrument si primitif et si moderne qui n&rsquo;a m\u00eame pas de nom : quatre  \u00e9paisses planches de bois, de diff\u00e9rentes essences, et sur lesquelles  les musiciens, face \u00e0 face, frappent de leurs b\u00e2tons. <br>Txalaparta, c&rsquo;est aussi une onomatop\u00e9e po\u00e9tique qui \u00e9voque le galop  du cheval.&nbsp;C&rsquo;est le rythme de base \u00e0 partir duquel les musiciens vont  pouvoir se livrer aux plus acrobatiques improvisations, le rythme sur  lequel ils se retrouveront pour repartir vers de nouvelles escapades. Et  c&rsquo;est ainsi une \u00e9poustouflante&nbsp;polyrythmie et polyphonie qu&rsquo;ils  parviennent \u00e0 tirer, tout en subtilit\u00e9, de ces quatre planches de bois.<br>Depuis l&rsquo;ann\u00e9e derni\u00e8re, nos txalapartari r\u00e9p\u00e8tent tous les mois et organisent des stages en Pays Basque comme \u00e0 Toulouse.<\/p>\n\n\n\n<figure class=\"wp-block-image size-large\"><img loading=\"lazy\" width=\"1024\" height=\"385\" src=\"http:\/\/denakbat.fr\/wp-content\/uploads\/2023\/10\/SITE-TXALAPARTA-1024x385.png\" alt=\"\" class=\"wp-image-726\" srcset=\"http:\/\/denakbat.fr\/wp-content\/uploads\/2023\/10\/SITE-TXALAPARTA-1024x385.png 1024w, http:\/\/denakbat.fr\/wp-content\/uploads\/2023\/10\/SITE-TXALAPARTA-300x113.png 300w, http:\/\/denakbat.fr\/wp-content\/uploads\/2023\/10\/SITE-TXALAPARTA-768x289.png 768w, http:\/\/denakbat.fr\/wp-content\/uploads\/2023\/10\/SITE-TXALAPARTA-1536x577.png 1536w, http:\/\/denakbat.fr\/wp-content\/uploads\/2023\/10\/SITE-TXALAPARTA-2048x770.png 2048w\" sizes=\"(max-width: 1024px) 100vw, 1024px\" \/><\/figure>\n","protected":false},"excerpt":{"rendered":"<p>La musique Notre ensemble musical est constitu\u00e9 d&rsquo;instruments basques traditionnels. Tous les amateurs, voire les professionnels sont les bienvenus dans notre monde de b\u00e9n\u00e9voles. Nos instruments traditionnels :Le Txistu est <a class=\"more-link\" href=\"http:\/\/denakbat.fr\/index.php\/activites\/\">Continuer la lecture &rarr;<\/a><\/p>\n","protected":false},"author":1,"featured_media":0,"parent":0,"menu_order":0,"comment_status":"closed","ping_status":"closed","template":"","meta":[],"_links":{"self":[{"href":"http:\/\/denakbat.fr\/index.php\/wp-json\/wp\/v2\/pages\/19"}],"collection":[{"href":"http:\/\/denakbat.fr\/index.php\/wp-json\/wp\/v2\/pages"}],"about":[{"href":"http:\/\/denakbat.fr\/index.php\/wp-json\/wp\/v2\/types\/page"}],"author":[{"embeddable":true,"href":"http:\/\/denakbat.fr\/index.php\/wp-json\/wp\/v2\/users\/1"}],"replies":[{"embeddable":true,"href":"http:\/\/denakbat.fr\/index.php\/wp-json\/wp\/v2\/comments?post=19"}],"version-history":[{"count":26,"href":"http:\/\/denakbat.fr\/index.php\/wp-json\/wp\/v2\/pages\/19\/revisions"}],"predecessor-version":[{"id":844,"href":"http:\/\/denakbat.fr\/index.php\/wp-json\/wp\/v2\/pages\/19\/revisions\/844"}],"wp:attachment":[{"href":"http:\/\/denakbat.fr\/index.php\/wp-json\/wp\/v2\/media?parent=19"}],"curies":[{"name":"wp","href":"https:\/\/api.w.org\/{rel}","templated":true}]}}