{"id":20,"date":"2019-07-11T18:06:09","date_gmt":"2019-07-11T16:06:09","guid":{"rendered":"http:\/\/nouveau.denakbat.fr\/?page_id=20"},"modified":"2025-03-30T12:55:29","modified_gmt":"2025-03-30T10:55:29","slug":"contact","status":"publish","type":"page","link":"http:\/\/denakbat.fr\/index.php\/contact\/","title":{"rendered":"contact"},"content":{"rendered":"\n<p style=\"font-size:26px\"><font size=\"5\">N&rsquo;h\u00e9sitez pas \u00e0 nous contacter&#8230;<\/font><br><a href=\"mailto:contact@denakbat.fr\"><img loading=\"lazy\" width=\"50\" height=\"50\" class=\"wp-image-273\" style=\"width: 50px;\" src=\"http:\/\/denakbat.fr\/wp-content\/uploads\/2020\/08\/mail.jpg\" alt=\"\"><\/a>  <strong>contact@denakbat.fr<\/strong><br><img loading=\"lazy\" width=\"50\" height=\"50\" class=\"wp-image-272\" style=\"width: 50px;\" src=\"http:\/\/denakbat.fr\/wp-content\/uploads\/2020\/08\/tel.jpg\" alt=\"\">  <font size=\"5\">07 83 37 57 84<\/font><br><br><font size=\"5\">&#8230; ou nous rejoindre sur les r\u00e9seaux sociaux. Gero arte!<\/font><\/p>\n\n\n\n<p style=\"font-size:1px\"><br>       <a rel=\"noopener noreferrer\" href=\"https:\/\/www.instagram.com\/denak_bat\/\" target=\"_blank\"><\/a><\/p>\n\n\n\n<figure class=\"wp-block-image size-large is-resized\"><img loading=\"lazy\" src=\"http:\/\/denakbat.fr\/wp-content\/uploads\/2025\/03\/banniere-reseaux-1024x243.png\" alt=\"\" class=\"wp-image-846\" width=\"380\" height=\"90\" srcset=\"http:\/\/denakbat.fr\/wp-content\/uploads\/2025\/03\/banniere-reseaux-1024x243.png 1024w, http:\/\/denakbat.fr\/wp-content\/uploads\/2025\/03\/banniere-reseaux-300x71.png 300w, http:\/\/denakbat.fr\/wp-content\/uploads\/2025\/03\/banniere-reseaux-768x182.png 768w, http:\/\/denakbat.fr\/wp-content\/uploads\/2025\/03\/banniere-reseaux-1536x364.png 1536w, http:\/\/denakbat.fr\/wp-content\/uploads\/2025\/03\/banniere-reseaux-2048x486.png 2048w\" sizes=\"(max-width: 380px) 100vw, 380px\" \/><\/figure>\n\n\n\n<p><\/p>\n","protected":false},"excerpt":{"rendered":"<p>N&rsquo;h\u00e9sitez pas \u00e0 nous contacter&#8230; contact@denakbat.fr 07 83 37 57 84 &#8230; ou nous rejoindre sur les r\u00e9seaux sociaux. Gero arte!<\/p>\n","protected":false},"author":1,"featured_media":0,"parent":0,"menu_order":0,"comment_status":"closed","ping_status":"closed","template":"","meta":[],"_links":{"self":[{"href":"http:\/\/denakbat.fr\/index.php\/wp-json\/wp\/v2\/pages\/20"}],"collection":[{"href":"http:\/\/denakbat.fr\/index.php\/wp-json\/wp\/v2\/pages"}],"about":[{"href":"http:\/\/denakbat.fr\/index.php\/wp-json\/wp\/v2\/types\/page"}],"author":[{"embeddable":true,"href":"http:\/\/denakbat.fr\/index.php\/wp-json\/wp\/v2\/users\/1"}],"replies":[{"embeddable":true,"href":"http:\/\/denakbat.fr\/index.php\/wp-json\/wp\/v2\/comments?post=20"}],"version-history":[{"count":30,"href":"http:\/\/denakbat.fr\/index.php\/wp-json\/wp\/v2\/pages\/20\/revisions"}],"predecessor-version":[{"id":849,"href":"http:\/\/denakbat.fr\/index.php\/wp-json\/wp\/v2\/pages\/20\/revisions\/849"}],"wp:attachment":[{"href":"http:\/\/denakbat.fr\/index.php\/wp-json\/wp\/v2\/media?parent=20"}],"curies":[{"name":"wp","href":"https:\/\/api.w.org\/{rel}","templated":true}]}}