{"id":21,"date":"2019-07-11T18:06:09","date_gmt":"2019-07-11T16:06:09","guid":{"rendered":"http:\/\/nouveau.denakbat.fr\/?page_id=21"},"modified":"2025-03-06T17:55:56","modified_gmt":"2025-03-06T16:55:56","slug":"mediateka","status":"publish","type":"page","link":"http:\/\/denakbat.fr\/index.php\/mediateka\/","title":{"rendered":"mediateka"},"content":{"rendered":"\n<p>Vous pouvez r\u00e9server un document pour une dur\u00e9e de deux semaines <br>(\u00e0  retirer lors des cours ou des entrainements) en \u00e9crivant \u00e0 l&rsquo;adresse  suivante :<br><a href=\"mailto:mediateka@orange.fr\">contact@denakbat.fr<\/a><br><br><br><font size=\"5\">Livres<\/font><br><strong>Gabriel Aresti <\/strong>(po\u00e9sie) <br>XX.Mendeko Poesia Kaierak\u00a0 <br><strong>Bernardo Atxaga <\/strong>(roman)<strong><br><\/strong>Obabakoak \/ les gens d&rsquo;Obaba <br>Sept maisons en France<strong>\u00a0\u00a0<\/strong><br><strong>Bernardo Atxaga et Mikel Valderde <\/strong>(album jeunesse) <br>Xola eta basurdeak <br><strong>Itxaro Borda<\/strong> (histoire et civilisation)<br>100 % Basque<br><\/p>\n\n\n\n<figure class=\"wp-block-image\"><a href=\"https:\/\/2.bp.blogspot.com\/-kNN-eixm1rg\/Wpw85glKLcI\/AAAAAAAAA3U\/KoDsvpH9MX8lXkOD50t80q__amHDcOqBgCLcBGAs\/s1600\/41F7Fwf1RZL._SX334_BO1%252C204%252C203%252C200_.jpg\"><img src=\"https:\/\/2.bp.blogspot.com\/-kNN-eixm1rg\/Wpw85glKLcI\/AAAAAAAAA3U\/KoDsvpH9MX8lXkOD50t80q__amHDcOqBgCLcBGAs\/s320\/41F7Fwf1RZL._SX334_BO1%252C204%252C203%252C200_.jpg\" alt=\"\"\/><\/a><\/figure>\n\n\n\n<p><br><strong>Itxaro Borda <\/strong>(po\u00e9sie)  <br>Le r\u00e9veil de M\u00e9d\u00e9e : Et autres po\u00e8mes&nbsp; <br><strong>Ludivine Charniguet<\/strong> (cuisine) <br>Il n\u2019y a pas que l\u2019axoa au Pays Basque&nbsp; &nbsp; <br><strong>Collectif <\/strong>(essai)  <br>D\u00e9mocratie pour le Pays Basque&nbsp; <br><strong>Collectif <\/strong>(histoire et civilisation) <br>Dictionnaire de culture et civilisation basque&nbsp; &nbsp; <br><strong>Collectif <\/strong>(histoire et civilisation) <br>Pays Basque, les 60 sites les plus \u00e9tonnants <br><strong>G\u00e9raldine Collet et Lunat <\/strong>(album jeunesse) <br>Nik badakit egiten&nbsp; &nbsp; <br><strong>Jean-Louis Davant <\/strong>(histoire et civilisation) <br>Histoire du peuple basque<strong> <\/strong><br><strong>Jean-Louis Davant <\/strong>(essai) <br>Le probl\u00e8me basque en 20 questions <br><strong>Marie Darrieussecq<\/strong> (nouvelles)<br>La mer console de toutes les laideurs <strong><br>Gaby Etchebarne <\/strong>(essais et t\u00e9moignages) <br>D&rsquo;ici et d&rsquo;ailleurs \/ paroles d&rsquo;immigr\u00e9s en Pays Basque<br>Hitza hitz, paroles de Basques  <br>Les chemins de l\u2019exil Paroles d\u2019Amatxi <br>Paroles de bergers<br>&nbsp;<strong>JP Etxheverry<\/strong>(t\u00e9moignage)<br> M\u00e9moires d\u2019un rachail<br><strong>Peio Etcheverry-Ainchart <\/strong>(histoire et civilisation) <br>Initiation \u00e0 l&rsquo;histoire du Pays basque <br><strong>JB Etxarren-Lohigorri<\/strong> (histoire)<br> Au p\u00e9ril de leur vie &nbsp;  <br><strong>Dani\u00e8le Lasalle <\/strong>(t\u00e9moignage) <br>Berger basque, berger pyr\u00e9n\u00e9en  <br><strong>Caroline Lugat <\/strong>(roman) &nbsp; <br>Fr\u00e8res de la c\u00f4te  <br><strong>Cathy Mayor <\/strong>(nouvelles) <br>Louise, Idoia, Amarita et les autres&#8230; <br><strong>Gabriel Mouesca <\/strong>(t\u00e9moignage)  <br>La nuque raide <br><strong>Michel Oronos<\/strong> (po\u00e8mes graphiques \u2013 euskara)<br> Deklinabide Baigorri  &nbsp;  <br><strong>E.A. Poe<\/strong> (litt\u00e9rature &#8211; euskaraz) <br>Misteriozko ipuinak, 1 eta 2 <br><strong>Isabelle Renou et Viencent da Cruz<\/strong> (jeunesse bilingue) <br>Ikaren mundua\/Le monde d\u2019Ika  <br><strong>Piarres Trounday <\/strong>(roman autobiographique) <br>Galerna  &nbsp;&nbsp;&nbsp;&nbsp;&nbsp;&nbsp;&nbsp;&nbsp;&nbsp;&nbsp;&nbsp; &nbsp;&nbsp;&nbsp;&nbsp;&nbsp;&nbsp;&nbsp;&nbsp;&nbsp;&nbsp;&nbsp;  <br><strong>Kirmen Uribe <\/strong>(roman)&nbsp;&nbsp;&nbsp;&nbsp;&nbsp;&nbsp;&nbsp;&nbsp;&nbsp;&nbsp;&nbsp; &nbsp;&nbsp;&nbsp;&nbsp;&nbsp;&nbsp;&nbsp;&nbsp;&nbsp;&nbsp;&nbsp; &nbsp;&nbsp;&nbsp;&nbsp;&nbsp;&nbsp;&nbsp;&nbsp;&nbsp;&nbsp;&nbsp; &nbsp;&nbsp;&nbsp;&nbsp;&nbsp;&nbsp;&nbsp;&nbsp;&nbsp;&nbsp;&nbsp; &nbsp;&nbsp;&nbsp;&nbsp;&nbsp;&nbsp;&nbsp;&nbsp;&nbsp;&nbsp;&nbsp;  <br>Bilbao-New York-Bilbao <br><br><font size=\"5\">DVD<\/font><br><strong>80 jours <\/strong> Film de&nbsp; Jon Gara\u00f1o et Jos\u00e9 Mari Goenaga <br><\/p>\n\n\n\n<figure class=\"wp-block-image\"><a href=\"https:\/\/1.bp.blogspot.com\/-ie7TNVBU9mM\/Wpw8kbgDyhI\/AAAAAAAAA3Q\/Q-j4_Bw3vHwMEIIoM9GQGo5-Q5EKLIT2wCLcBGAs\/s1600\/Capture%2Bd%25E2%2580%2599e%25CC%2581cran%2B2018-03-04%2Ba%25CC%2580%2B19.32.05.png\"><img src=\"https:\/\/1.bp.blogspot.com\/-ie7TNVBU9mM\/Wpw8kbgDyhI\/AAAAAAAAA3Q\/Q-j4_Bw3vHwMEIIoM9GQGo5-Q5EKLIT2wCLcBGAs\/s320\/Capture%2Bd%25E2%2580%2599e%25CC%2581cran%2B2018-03-04%2Ba%25CC%2580%2B19.32.05.png\" alt=\"\"\/><\/a><\/figure>\n\n\n\n<p><strong>Amama <\/strong> Film de Asier Altuna <br><strong>Ander <\/strong> Film de Roberto Cast\u00f3n <br><strong>Dans leur jeunesse il y a du pass\u00e9 <\/strong> Documentaire de Elsa Oliarj-In\u00e8s <br><strong>Gartxot <\/strong> Dessin anim\u00e9 de&nbsp; Asisko Urmeneta et Juanjo Elordi  <br><strong>G\u00e9n\u00e9ration des autonomistes basques <\/strong> Documentaire de Sylvie Garat <br><strong>Loreak <\/strong> Film de&nbsp; Jon Gara\u00f1o et Jos\u00e9 Mari Goenaga  <br><strong>Palabras de vascos <\/strong>&#8211; CRDP (documentaire)  <br><strong>Sanctuaire <\/strong> Film de Olivier Masset-Depasse <br><br><font size=\"5\">CD<\/font><br><strong>Berri Txarrak<\/strong> Denbora Da Poligrafo Bakarra <br><strong>Ken Zazpi<\/strong> Phoenicopenus  <br><strong>Willis Drummond<\/strong> Tabula rasa <\/p>\n","protected":false},"excerpt":{"rendered":"<p>Vous pouvez r\u00e9server un document pour une dur\u00e9e de deux semaines (\u00e0 retirer lors des cours ou des entrainements) en \u00e9crivant \u00e0 l&rsquo;adresse suivante :contact@denakbat.fr LivresGabriel Aresti (po\u00e9sie) XX.Mendeko Poesia <a class=\"more-link\" href=\"http:\/\/denakbat.fr\/index.php\/mediateka\/\">Continuer la lecture &rarr;<\/a><\/p>\n","protected":false},"author":1,"featured_media":0,"parent":0,"menu_order":0,"comment_status":"closed","ping_status":"closed","template":"","meta":[],"_links":{"self":[{"href":"http:\/\/denakbat.fr\/index.php\/wp-json\/wp\/v2\/pages\/21"}],"collection":[{"href":"http:\/\/denakbat.fr\/index.php\/wp-json\/wp\/v2\/pages"}],"about":[{"href":"http:\/\/denakbat.fr\/index.php\/wp-json\/wp\/v2\/types\/page"}],"author":[{"embeddable":true,"href":"http:\/\/denakbat.fr\/index.php\/wp-json\/wp\/v2\/users\/1"}],"replies":[{"embeddable":true,"href":"http:\/\/denakbat.fr\/index.php\/wp-json\/wp\/v2\/comments?post=21"}],"version-history":[{"count":7,"href":"http:\/\/denakbat.fr\/index.php\/wp-json\/wp\/v2\/pages\/21\/revisions"}],"predecessor-version":[{"id":831,"href":"http:\/\/denakbat.fr\/index.php\/wp-json\/wp\/v2\/pages\/21\/revisions\/831"}],"wp:attachment":[{"href":"http:\/\/denakbat.fr\/index.php\/wp-json\/wp\/v2\/media?parent=21"}],"curies":[{"name":"wp","href":"https:\/\/api.w.org\/{rel}","templated":true}]}}